{"id":49,"date":"2023-07-04T20:56:49","date_gmt":"2023-07-04T20:56:49","guid":{"rendered":"https:\/\/parliament.restorationplan.global\/?page_id=49"},"modified":"2024-04-19T14:59:51","modified_gmt":"2024-04-19T12:59:51","slug":"international-parliament-of-first-nations","status":"publish","type":"page","link":"https:\/\/parliament.restorationplan.global\/en\/","title":{"rendered":"PARLAMENTO INTERNACIONAL DE LOS PUEBLOS ORIGINARIOS"},"content":{"rendered":"<section class=\"wp-block-greenshift-blocks-row alignfull gspb_row gspb_row-id-gsbp-bec475c2-c50e\" id=\"gspb_row-id-gsbp-bec475c2-c50e\"><div class=\"gspb_backgroundOverlay\"><\/div><div class=\"gspb_row__content\"> \n<div class=\"wp-block-greenshift-blocks-row-column gspb_row__col--12 gspb_col-id-gsbp-6fdece00-dd78\" id=\"gspb_col-id-gsbp-6fdece00-dd78\">\n<h2 id=\"gspb_heading-id-gsbp-08305325-44bc\" class=\"gspb_heading gspb_heading-id-gsbp-08305325-44bc\">La creaci\u00f3n del<br>PARLAMENTO INTERNACIONAL DE LOS PUEBLOS ORIGINARIOS<\/h2>\n\n\n\n<div id=\"gspb_text-id-gsbp-071db6d9-55f9\" class=\"gspb_text gspb_text-id-gsbp-071db6d9-55f9\">Tiene sus ra\u00edces en las estructuras tradicionales de consejo inherentes a los pueblos y comunidades originarias. Pretende defender sus derechos territoriales, culturales y de desarrollo integral, de acuerdo con su identidad, costumbres y tradiciones.<br><br>Aspiramos a lograr la unidad global de los pueblos ind\u00edgenas, empoder\u00e1ndolos para el ejercicio de sus derechos culturales y territoriales. Juntos, en solidaridad, nos esforzamos por crear colectivamente un nuevo mundo armonioso.<\/div>\n<\/div>\n <\/div><\/section>\n\n\n\n<section class=\"wp-block-greenshift-blocks-row alignfull gspb_row gspb_row-id-gsbp-e27d62cc-a483\" id=\"gspb_row-id-gsbp-e27d62cc-a483\"><div class=\"gspb_row__content\"> \n<div class=\"wp-block-greenshift-blocks-row-column gspb_row__col--12 gspb_col-id-gsbp-98a08843-7ce0\" id=\"gspb_col-id-gsbp-98a08843-7ce0\">\n<h2 id=\"gspb_heading-id-gsbp-ad655218-a4e4\" class=\"gspb_heading gspb_heading-id-gsbp-ad655218-a4e4\">Los nueve principios del PARLAMENTO INTERNACIONAL DE LOS PUEBLOS ORIGINARIOS<\/h2>\n\n\n\n<div class=\"wp-block-greenshift-blocks-row gspb_row gspb_row-id-gsbp-7779a2d5-2e22\" id=\"gspb_row-id-gsbp-7779a2d5-2e22\"><div class=\"gspb_row__content\"> \n<div class=\"wp-block-greenshift-blocks-row-column gspb_row__col--24 gspb_col-id-gsbp-1b61e4f2-03ed\" id=\"gspb_col-id-gsbp-1b61e4f2-03ed\">\n<div class=\"wp-block-greenshift-blocks-image gspb_image gspb_image-id-gsbp-ae40bb7f-7c4a\" id=\"gspb_image-id-gsbp-ae40bb7f-7c4a\"><img decoding=\"async\" src=\"https:\/\/www.therestorationplan.com\/wp-content\/uploads\/2023\/12\/International-parliment-Section-Circle-Image-7.jpg\" data-src=\"\" alt=\"\" loading=\"lazy\" width=\"150\" height=\"150\"\/><\/div>\n\n\n\n<div id=\"gspb_text-id-gsbp-42227709-d39f\" class=\"gspb_text gspb_text-id-gsbp-42227709-d39f\">Vivir para nosotros mismos, sin perjudicar a nadie<\/div>\n<\/div>\n\n\n\n<div class=\"wp-block-greenshift-blocks-row-column gspb_row__col--24 gspb_col-id-gsbp-b2955258-0f19\" id=\"gspb_col-id-gsbp-b2955258-0f19\">\n<div class=\"wp-block-greenshift-blocks-image gspb_image gspb_image-id-gsbp-e9f89c63-e33e\" id=\"gspb_image-id-gsbp-e9f89c63-e33e\"><img decoding=\"async\" src=\"https:\/\/www.therestorationplan.com\/wp-content\/uploads\/2023\/12\/International-parliment-Section-Circle-Image-8.jpg\" data-src=\"\" alt=\"\" loading=\"lazy\" width=\"150\" height=\"150\"\/><\/div>\n\n\n\n<div id=\"gspb_text-id-gsbp-416cce4a-b791\" class=\"gspb_text gspb_text-id-gsbp-416cce4a-b791\">Ser honestos con nosotros mismos, con los dem\u00e1s y con la naturaleza<\/div>\n<\/div>\n\n\n\n<div class=\"wp-block-greenshift-blocks-row-column gspb_row__col--24 gspb_col-id-gsbp-3234f893-fab1\" id=\"gspb_col-id-gsbp-3234f893-fab1\">\n<div class=\"wp-block-greenshift-blocks-image gspb_image gspb_image-id-gsbp-837cbb3b-e684\" id=\"gspb_image-id-gsbp-837cbb3b-e684\"><img decoding=\"async\" src=\"https:\/\/www.therestorationplan.com\/wp-content\/uploads\/2023\/12\/International-parliment-Section-Circle-Image-6.jpg\" data-src=\"\" alt=\"\" loading=\"lazy\" width=\"150\" height=\"150\"\/><\/div>\n\n\n\n<div id=\"gspb_text-id-gsbp-f72254a3-97c6\" class=\"gspb_text gspb_text-id-gsbp-f72254a3-97c6\">Defienda y respete su propia palabra<\/div>\n<\/div>\n\n\n\n<div class=\"wp-block-greenshift-blocks-row-column gspb_row__col--24 gspb_col-id-gsbp-e5ec8f74-012e\" id=\"gspb_col-id-gsbp-e5ec8f74-012e\">\n<div class=\"wp-block-greenshift-blocks-image gspb_image gspb_image-id-gsbp-5a40bfae-ecdf\" id=\"gspb_image-id-gsbp-5a40bfae-ecdf\"><img decoding=\"async\" src=\"https:\/\/www.therestorationplan.com\/wp-content\/uploads\/2023\/12\/International-parliment-Section-Circle-Image-3.jpg\" data-src=\"\" alt=\"\" loading=\"lazy\" width=\"150\" height=\"150\"\/><\/div>\n\n\n\n<div id=\"gspb_text-id-gsbp-db84978c-b190\" class=\"gspb_text gspb_text-id-gsbp-db84978c-b190\">Tomar de la Tierra lo necesario y nada m\u00e1s<\/div>\n<\/div>\n\n\n\n<div class=\"wp-block-greenshift-blocks-row-column gspb_row__col--24 gspb_col-id-gsbp-c14b3471-ee6e\" id=\"gspb_col-id-gsbp-c14b3471-ee6e\">\n<div class=\"wp-block-greenshift-blocks-image gspb_image gspb_image-id-gsbp-778e9619-6be5\" id=\"gspb_image-id-gsbp-778e9619-6be5\"><img decoding=\"async\" src=\"https:\/\/www.therestorationplan.com\/wp-content\/uploads\/2023\/12\/International-parliment-Section-Circle-Image-9.jpg\" data-src=\"\" alt=\"\" loading=\"lazy\" width=\"150\" height=\"150\"\/><\/div>\n\n\n\n<div id=\"gspb_text-id-gsbp-f312a101-1550\" class=\"gspb_text gspb_text-id-gsbp-f312a101-1550\">Utilizar la unidad como elemento rector en la toma de decisiones<\/div>\n<\/div>\n <\/div><\/div>\n\n\n\n<div class=\"wp-block-greenshift-blocks-row gspb_row gspb_row-id-gsbp-7a5ab531-2ad1\" id=\"gspb_row-id-gsbp-7a5ab531-2ad1\"><div class=\"gspb_row__content\"> \n<div class=\"wp-block-greenshift-blocks-row-column gspb_row__col--3 gspb_col-id-gsbp-3473d137-e416\" id=\"gspb_col-id-gsbp-3473d137-e416\">\n<div class=\"wp-block-greenshift-blocks-image gspb_image gspb_image-id-gsbp-b5fe907f-8104\" id=\"gspb_image-id-gsbp-b5fe907f-8104\"><img decoding=\"async\" src=\"https:\/\/www.therestorationplan.com\/wp-content\/uploads\/2023\/12\/International-parliment-Section-Circle-Image-1.jpg\" data-src=\"\" alt=\"\" loading=\"lazy\" width=\"150\" height=\"150\"\/><\/div>\n\n\n\n<div id=\"gspb_text-id-gsbp-f465df7a-b759\" class=\"gspb_text gspb_text-id-gsbp-f465df7a-b759\">Gratitud por la naturaleza y los dones del Creador<\/div>\n<\/div>\n\n\n\n<div class=\"wp-block-greenshift-blocks-row-column gspb_row__col--3 gspb_col-id-gsbp-a5ebc3c0-fc80\" id=\"gspb_col-id-gsbp-a5ebc3c0-fc80\">\n<div class=\"wp-block-greenshift-blocks-image gspb_image gspb_image-id-gsbp-2e8e32f5-23f4\" id=\"gspb_image-id-gsbp-2e8e32f5-23f4\"><img decoding=\"async\" src=\"https:\/\/www.therestorationplan.com\/wp-content\/uploads\/2023\/12\/International-parliment-Section-Circle-Image-2.jpg\" data-src=\"\" alt=\"\" loading=\"lazy\" width=\"150\" height=\"150\"\/><\/div>\n\n\n\n<div id=\"gspb_text-id-gsbp-46082c16-b7a0\" class=\"gspb_text gspb_text-id-gsbp-46082c16-b7a0\">Respetar y proteger la naturaleza<\/div>\n<\/div>\n\n\n\n<div class=\"wp-block-greenshift-blocks-row-column gspb_row__col--3 gspb_col-id-gsbp-0c5572d0-d48e\" id=\"gspb_col-id-gsbp-0c5572d0-d48e\">\n<div class=\"wp-block-greenshift-blocks-image gspb_image gspb_image-id-gsbp-3ebaa855-d7c3\" id=\"gspb_image-id-gsbp-3ebaa855-d7c3\"><img decoding=\"async\" src=\"https:\/\/www.therestorationplan.com\/wp-content\/uploads\/2023\/12\/International-parliment-Section-Circle-Image-4.jpg\" data-src=\"\" alt=\"\" loading=\"lazy\" width=\"150\" height=\"150\"\/><\/div>\n\n\n\n<div id=\"gspb_text-id-gsbp-ec8eb756-d376\" class=\"gspb_text gspb_text-id-gsbp-ec8eb756-d376\">Reconocer la unidad en todos<\/div>\n<\/div>\n\n\n\n<div class=\"wp-block-greenshift-blocks-row-column gspb_row__col--3 gspb_col-id-gsbp-1a6e8afa-7e3e\" id=\"gspb_col-id-gsbp-1a6e8afa-7e3e\">\n<div class=\"wp-block-greenshift-blocks-image gspb_image gspb_image-id-gsbp-47cd17a7-a009\" id=\"gspb_image-id-gsbp-47cd17a7-a009\"><img decoding=\"async\" src=\"https:\/\/www.therestorationplan.com\/wp-content\/uploads\/2023\/12\/International-parliment-Section-Circle-Image-5.jpg\" data-src=\"\" alt=\"\" loading=\"lazy\" width=\"150\" height=\"150\"\/><\/div>\n\n\n\n<div id=\"gspb_text-id-gsbp-4246c3e7-bdd7\" class=\"gspb_text gspb_text-id-gsbp-4246c3e7-bdd7\">Haz el bien para que tu coraz\u00f3n siga brillando con luz propia<\/div>\n<\/div>\n <\/div><\/div>\n<\/div>\n <\/div><\/section>\n\n\n\n<section class=\"wp-block-greenshift-blocks-row alignfull gspb_row gspb_row-id-gsbp-c2cb740\" id=\"gspb_row-id-gsbp-c2cb740\"><div class=\"gspb_backgroundOverlay\"><\/div><div class=\"gspb_row__content\"> \n<div class=\"wp-block-greenshift-blocks-row-column gspb_row__col--12 gspb_col-id-gsbp-c6e9c42\" id=\"gspb_col-id-gsbp-c6e9c42\">\n<h2 id=\"gspb_heading-id-gsbp-9776a8e\" class=\"gspb_heading gspb_heading-id-gsbp-9776a8e\">\u00danete al<br>PARLAMENTO INTERNACIONAL DE LOS PUEBLOS ORIGINARIOS<\/h2>\n\n\n\n<hr class=\"wp-block-separator has-alpha-channel-opacity\"\/>\n\n\n\n<div id=\"gspb_text-id-gsbp-30e26af\" class=\"gspb_text gspb_text-id-gsbp-30e26af\">Nosotros, como fundadores del Parlamento Internacional de los Pueblos Originarios, le invitamos cordialmente a unirse a nosotros y compartir sus leyes y tradiciones orales. Esperamos ansiosamente aprender de sus valiosas contribuciones.<br>Requisito 1: Ser representante de una naci\u00f3n y\/o comunidad de pueblos originarios.<br>Requisito 2: Presentar una carta autorizada debidamente firmada por la naci\u00f3n y\/o comunidad a la que representa.<\/div>\n\n\n\n<div class=\"gspb_button_wrapper gspb_button-id-gsbp-53cd947b-5bdb\" id=\"gspb_button-id-gsbp-53cd947b-5bdb\"><a class=\"wp-block-greenshift-blocks-buttonbox gspb-buttonbox wp-element-button\" href=\"https:\/\/parliament.restorationplan.global\/en\/formulario\/\" target=\"_blank\" rel=\"noopener\"><span class=\"gspb-buttonbox-textwrap\"><span class=\"gspb-buttonbox-icon\"><svg class=\"\" style=\"display:inline-block;vertical-align:middle\" width=\"15\" height=\"15\" viewbox=\"0 0 1152 1024\" xmlns=\"http:\/\/www.w3.org\/2000\/svg\"><path style=\"fill:#565D66\" d=\"M1092.4 19.4c-5.8-13-17.2-19.4-28.6-19.4-10.6 0-21.4 5.6-28 17-62 107.8-173 175-299.8 175h-160c-212 0-384 172-384 384 0 35.6 5.2 69.8 14.2 102.4-148.2 129-202.6 279.2-203.6 282-8.6 25 4.6 52.4 29.6 61 28 9.6 53.4-7.6 61-29.6 0.8-2.2 42-115 152.6-220.2 75.2 126.4 217.2 202.4 371 186.2 314.2-22.8 535.2-304.4 535.2-649.2 0-100.4-21.6-204.4-59.6-289.2zM606.8 862.4c-172.2 18.2-261.2-109-284.4-153 94.8-65.8 224-117.4 397.8-117.4 26.4 0 48-21.6 48-48s-21.6-48-48-48c-182.6 0-322.2 51-428 118.8-1.8-12.8-4-25.6-4-38.8 0-158.8 129.2-288 288-288h160c115.8 0 223.2-44 304-121.8 10.4 46.4 16 95 16 142.4-0.2 302-187.8 534.8-449.4 553.8z\"><\/path><\/svg><\/span><span class=\"gspb-buttonbox-text\"><span class=\"gspb-buttonbox-title\">\u00danase a nosotros y comparta sus leyes orales<\/span><\/span><\/span><\/a><\/div>\n\n\n\n<div id=\"gspb_text-id-gsbp-0a567bf\" class=\"gspb_text gspb_text-id-gsbp-0a567bf\">Para m\u00e1s informaci\u00f3n, escriba a: parliament@restorationplan.global<br>Fecha de fundaci\u00f3n: 4 de julio de 2023<\/div>\n<\/div>\n <\/div><\/section>","protected":false},"excerpt":{"rendered":"","protected":false},"author":1,"featured_media":0,"parent":0,"menu_order":0,"comment_status":"closed","ping_status":"closed","template":"","meta":{"_gspb_post_css":"#gspb_heading-id-gsbp-08305325-44bc,.gspb_text-id-gsbp-071db6d9-55f9{text-align:center!important;text-shadow:0 4px 3px rgba(0,0,0,.4),0 8px 13px rgba(0,0,0,.1),0 18px 23px rgba(0,0,0,.1)}#gspb_heading-id-gsbp-08305325-44bc{font-family:Lora,sans-serif;color:var(--wp--preset--color--palette-color-10, var(--theme-palette-color-10, #ffffff));margin-bottom:2em}.gspb_text-id-gsbp-071db6d9-55f9{font-size:22px;color:var(--wp--preset--color--palette-color-8, var(--theme-palette-color-8, #ffffff));margin-top:30px!important;margin-bottom:80px!important}#gspb_heading-id-gsbp-08305325-44bc .gsap-g-line,.gspb_text-id-gsbp-071db6d9-55f9 .gsap-g-line{text-align:center!important}#gspb_button-id-gsbp-53cd947b-5bdb{display:flex;justify-content:center}#gspb_button-id-gsbp-53cd947b-5bdb .gspb-buttonbox-text{display:flex;flex-direction:column}#gspb_button-id-gsbp-53cd947b-5bdb>.gspb-buttonbox,div[id^=gspb_col-id]{box-sizing:border-box}#gspb_button-id-gsbp-53cd947b-5bdb>.gspb-buttonbox>.gspb-buttonbox-textwrap>.gspb-buttonbox-icon{display:flex}#gspb_button-id-gsbp-53cd947b-5bdb>.gspb-buttonbox .gspb-buttonbox-icon svg,#gspb_button-id-gsbp-53cd947b-5bdb>.gspb-buttonbox .gspb-buttonbox-icon svg path{fill:var(--wp--preset--color--palette-color-8, var(--theme-palette-color-8, #ffffff))!important}#gspb_button-id-gsbp-53cd947b-5bdb>.gspb-buttonbox .gspb-buttonbox-icon svg{margin:0!important}#gspb_button-id-gsbp-53cd947b-5bdb>.gspb-buttonbox:hover .gspb-buttonbox-icon svg,#gspb_button-id-gsbp-53cd947b-5bdb>.gspb-buttonbox:hover .gspb-buttonbox-icon svg path{fill:var(--wp--preset--color--palette-color-3, var(--theme-palette-color-3, #5e5e5e))!important}#gspb_button-id-gsbp-53cd947b-5bdb>.gspb-buttonbox>.gspb-buttonbox-textwrap{display:flex;flex-direction:row;align-items:center}#gspb_button-id-gsbp-53cd947b-5bdb .gspb-buttonbox-icon{margin-right:13px}#gspb_button-id-gsbp-53cd947b-5bdb>.gspb-buttonbox{margin-top:60px;margin-bottom:5em;padding-top:1em;padding-bottom:1em;background-color:#c25b1f;font-size:20px}#gspb_button-id-gsbp-53cd947b-5bdb>.gspb-buttonbox:hover{color:var(--wp--preset--color--palette-color-3, var(--theme-palette-color-3, #5e5e5e))}#gspb_button-id-gsbp-53cd947b-5bdb>.gspb-buttonbox,#gspb_button-id-gsbp-53cd947b-5bdb>.gspb-buttonbox>.gspb_backgroundOverlay{border-top-left-radius:10px;border-top-right-radius:10px;border-bottom-right-radius:10px;border-bottom-left-radius:10px}#gspb_row-id-gsbp-bec475c2-c50e{justify-content:space-between;margin-top:0;margin-bottom:0;display:flex;flex-wrap:wrap;min-height:80vh;background-size:cover;background-repeat:no-repeat;background-position:50% 60%;background-image:url(https:\/\/www.therestorationplan.com\/wp-content\/uploads\/2024\/03\/RP-AF-004.jpeg);isolation:isolate}#gspb_row-id-gsbp-bec475c2-c50e>.gspb_row__content{display:flex;justify-content:space-between;margin:0 auto;width:100%;flex-wrap:wrap}div[id^=gspb_col-id]{position:relative;padding:15px min(3vw,20px)}body.gspb-bodyfront #gspb_row-id-gsbp-bec475c2-c50e>.gspb_row__content{width:var(--theme-container-width, 1200px);max-width:var(--theme-normal-container-max-width, 1200px)}#gspb_row-id-gsbp-bec475c2-c50e:hover{background-size:cover}#gspb_row-id-gsbp-bec475c2-c50e>.gspb_backgroundOverlay{position:absolute;top:0;left:0;width:100%;height:100%;z-index:-1;opacity:.16;background-color:#000}#gspb_heading-id-gsbp-ad655218-a4e4{font-size:clamp(1rem,1.5vw,2.1rem);line-height:clamp(2rem,2.1vw,2.5rem);text-align:center!important;margin-bottom:100px}#gspb_heading-id-gsbp-ad655218-a4e4 .gsap-g-line,.gspb_text-id-gsbp-416cce4a-b791,.gspb_text-id-gsbp-416cce4a-b791 .gsap-g-line,.gspb_text-id-gsbp-42227709-d39f,.gspb_text-id-gsbp-42227709-d39f .gsap-g-line,.gspb_text-id-gsbp-db84978c-b190,.gspb_text-id-gsbp-db84978c-b190 .gsap-g-line,.gspb_text-id-gsbp-f312a101-1550,.gspb_text-id-gsbp-f312a101-1550 .gsap-g-line,.gspb_text-id-gsbp-f72254a3-97c6,.gspb_text-id-gsbp-f72254a3-97c6 .gsap-g-line{text-align:center!important}#gspb_image-id-gsbp-ae40bb7f-7c4a{text-align:center;height:150px}#gspb_image-id-gsbp-ae40bb7f-7c4a img{vertical-align:top;display:inline-block;box-sizing:border-box;max-width:100%;border-top-left-radius:50%;border-top-right-radius:50%;border-bottom-right-radius:50%;border-bottom-left-radius:50%;width:150px;height:150px}#gspb_image-id-gsbp-837cbb3b-e684,#gspb_image-id-gsbp-e9f89c63-e33e{text-align:center;height:150px}#gspb_image-id-gsbp-837cbb3b-e684 img,#gspb_image-id-gsbp-e9f89c63-e33e img{vertical-align:top;display:inline-block;box-sizing:border-box;max-width:100%;border-top-left-radius:50%;border-top-right-radius:50%;border-bottom-right-radius:50%;border-bottom-left-radius:50%;width:150px;height:150px}#gspb_image-id-gsbp-5a40bfae-ecdf,#gspb_image-id-gsbp-778e9619-6be5{text-align:center;height:150px}#gspb_image-id-gsbp-5a40bfae-ecdf img,#gspb_image-id-gsbp-778e9619-6be5 img{vertical-align:top;display:inline-block;box-sizing:border-box;max-width:100%;border-top-left-radius:50%;border-top-right-radius:50%;border-bottom-right-radius:50%;border-bottom-left-radius:50%;width:150px;height:150px}#gspb_row-id-gsbp-7779a2d5-2e22{justify-content:space-between;margin-top:0;margin-bottom:0;display:flex;flex-wrap:wrap}#gspb_row-id-gsbp-7779a2d5-2e22>.gspb_row__content,#gspb_row-id-gsbp-7a5ab531-2ad1>.gspb_row__content,#gspb_row-id-gsbp-e27d62cc-a483>.gspb_row__content{display:flex;justify-content:space-between;margin:0 auto;width:100%;flex-wrap:wrap}.gspb_text-id-gsbp-4246c3e7-bdd7,.gspb_text-id-gsbp-4246c3e7-bdd7 .gsap-g-line,.gspb_text-id-gsbp-46082c16-b7a0,.gspb_text-id-gsbp-46082c16-b7a0 .gsap-g-line,.gspb_text-id-gsbp-ec8eb756-d376,.gspb_text-id-gsbp-ec8eb756-d376 .gsap-g-line,.gspb_text-id-gsbp-f465df7a-b759,.gspb_text-id-gsbp-f465df7a-b759 .gsap-g-line{text-align:center!important}#gspb_image-id-gsbp-2e8e32f5-23f4,#gspb_image-id-gsbp-b5fe907f-8104{text-align:center;height:150px}#gspb_image-id-gsbp-2e8e32f5-23f4 img,#gspb_image-id-gsbp-b5fe907f-8104 img{vertical-align:top;display:inline-block;box-sizing:border-box;max-width:100%;border-top-left-radius:50%;border-top-right-radius:50%;border-bottom-right-radius:50%;border-bottom-left-radius:50%;width:150px;height:150px}#gspb_image-id-gsbp-3ebaa855-d7c3,#gspb_image-id-gsbp-47cd17a7-a009{text-align:center;height:150px}#gspb_image-id-gsbp-3ebaa855-d7c3 img,#gspb_image-id-gsbp-47cd17a7-a009 img{vertical-align:top;display:inline-block;box-sizing:border-box;max-width:100%;border-top-left-radius:50%;border-top-right-radius:50%;border-bottom-right-radius:50%;border-bottom-left-radius:50%;width:150px;height:150px}#gspb_row-id-gsbp-7a5ab531-2ad1,#gspb_row-id-gsbp-e27d62cc-a483{justify-content:space-between;margin-top:0;display:flex;flex-wrap:wrap;margin-bottom:2em}.gspb_row{position:relative}body.gspb-bodyfront #gspb_row-id-gsbp-7779a2d5-2e22>.gspb_row__content,body.gspb-bodyfront #gspb_row-id-gsbp-7a5ab531-2ad1>.gspb_row__content,body.gspb-bodyfront #gspb_row-id-gsbp-e27d62cc-a483>.gspb_row__content{width:var(--theme-container-width, 1200px);max-width:var(--theme-normal-container-max-width, 1200px)}#gspb_row-id-gsbp-e27d62cc-a483{margin-bottom:0;min-height:75vh;padding-top:2em;padding-bottom:3em;background-image:url(https:\/\/www.therestorationplan.com\/wp-content\/uploads\/2023\/12\/International-parliment-Section-Background-Image.jpg)}#gspb_col-id-gsbp-6fdece00-dd78.gspb_row__col--12{width:100%}@media (max-width:575.98px){#gspb_col-id-gsbp-6fdece00-dd78.gspb_row__col--12{width:100%}}body #gspb_col-id-gsbp-6fdece00-dd78.gspb_row__col--12,body #gspb_col-id-gsbp-c6e9c42.gspb_row__col--12{display:flex;flex-direction:column;justify-content:center}#gspb_col-id-gsbp-98a08843-7ce0.gspb_row__col--12{width:100%}@media (max-width:575.98px){#gspb_col-id-gsbp-98a08843-7ce0.gspb_row__col--12{width:100%}}#gspb_col-id-gsbp-1b61e4f2-03ed.gspb_row__col--24{width:calc(20% - 0px)}@media (max-width:575.98px){#gspb_col-id-gsbp-1b61e4f2-03ed.gspb_row__col--24{width:100%}}#gspb_col-id-gsbp-b2955258-0f19.gspb_row__col--24{width:calc(20% - 0px)}@media (max-width:575.98px){#gspb_col-id-gsbp-b2955258-0f19.gspb_row__col--24{width:100%}}#gspb_col-id-gsbp-3234f893-fab1.gspb_row__col--24{width:calc(20% - 0px)}@media (max-width:575.98px){#gspb_col-id-gsbp-3234f893-fab1.gspb_row__col--24{width:100%}}#gspb_col-id-gsbp-e5ec8f74-012e.gspb_row__col--24{width:calc(20% - 0px)}@media (max-width:575.98px){#gspb_col-id-gsbp-e5ec8f74-012e.gspb_row__col--24{width:100%}}#gspb_col-id-gsbp-c14b3471-ee6e.gspb_row__col--24{width:calc(20% - 0px)}@media (max-width:575.98px){#gspb_col-id-gsbp-c14b3471-ee6e.gspb_row__col--24{width:100%}}#gspb_col-id-gsbp-3473d137-e416.gspb_row__col--3{width:25%}@media (max-width:575.98px){#gspb_col-id-gsbp-3473d137-e416.gspb_row__col--3{width:100%}}#gspb_col-id-gsbp-a5ebc3c0-fc80.gspb_row__col--3{width:25%}@media (max-width:575.98px){#gspb_col-id-gsbp-a5ebc3c0-fc80.gspb_row__col--3{width:100%}}#gspb_col-id-gsbp-0c5572d0-d48e.gspb_row__col--3{width:25%}@media (max-width:575.98px){#gspb_col-id-gsbp-0c5572d0-d48e.gspb_row__col--3{width:100%}}#gspb_col-id-gsbp-1a6e8afa-7e3e.gspb_row__col--3{width:25%}@media (max-width:575.98px){#gspb_col-id-gsbp-1a6e8afa-7e3e.gspb_row__col--3{width:100%}}#gspb_heading-id-gsbp-9776a8e,.gspb_text-id-gsbp-0a567bf,.gspb_text-id-gsbp-30e26af{text-shadow:0 4px 3px rgba(0,0,0,.4),0 8px 13px rgba(0,0,0,.1),0 18px 23px rgba(0,0,0,.1)}#gspb_heading-id-gsbp-9776a8e{font-family:Lora,sans-serif;text-align:center!important;color:var(--wp--preset--color--palette-color-10, var(--theme-palette-color-10, #ffffff));margin-bottom:2em}#gspb_heading-id-gsbp-9776a8e .gsap-g-line{text-align:center!important}#gspb_row-id-gsbp-c2cb740{justify-content:space-between;margin-top:0;margin-bottom:0;display:flex;flex-wrap:wrap;min-height:80vh;background-color:#200c42;background-size:cover;background-repeat:no-repeat;background-position:50% 60%;isolation:isolate}#gspb_row-id-gsbp-c2cb740>.gspb_row__content{display:flex;justify-content:space-between;margin:0 auto;width:100%;flex-wrap:wrap;max-width:1200px}#gspb_row-id-gsbp-c2cb740:hover{background-size:cover}#gspb_row-id-gsbp-c2cb740>.gspb_backgroundOverlay{position:absolute;top:0;left:0;width:100%;height:100%;z-index:-1;opacity:.16;background-color:#000}#gspb_col-id-gsbp-c6e9c42.gspb_row__col--12{width:100%}@media (max-width:575.98px){#gspb_col-id-gsbp-c6e9c42.gspb_row__col--12{width:100%}}.gspb_text-id-gsbp-0a567bf,.gspb_text-id-gsbp-30e26af{color:var(--wp--preset--color--palette-color-8, var(--theme-palette-color-8, #ffffff))}.gspb_text-id-gsbp-30e26af{font-size:18px}.gspb_text-id-gsbp-0a567bf{margin-top:0!important}","footnotes":""},"class_list":["post-49","page","type-page","status-publish","hentry"],"blocksy_meta":[],"_links":{"self":[{"href":"https:\/\/parliament.restorationplan.global\/en\/wp-json\/wp\/v2\/pages\/49","targetHints":{"allow":["GET"]}}],"collection":[{"href":"https:\/\/parliament.restorationplan.global\/en\/wp-json\/wp\/v2\/pages"}],"about":[{"href":"https:\/\/parliament.restorationplan.global\/en\/wp-json\/wp\/v2\/types\/page"}],"author":[{"embeddable":true,"href":"https:\/\/parliament.restorationplan.global\/en\/wp-json\/wp\/v2\/users\/1"}],"replies":[{"embeddable":true,"href":"https:\/\/parliament.restorationplan.global\/en\/wp-json\/wp\/v2\/comments?post=49"}],"version-history":[{"count":36,"href":"https:\/\/parliament.restorationplan.global\/en\/wp-json\/wp\/v2\/pages\/49\/revisions"}],"predecessor-version":[{"id":201,"href":"https:\/\/parliament.restorationplan.global\/en\/wp-json\/wp\/v2\/pages\/49\/revisions\/201"}],"wp:attachment":[{"href":"https:\/\/parliament.restorationplan.global\/en\/wp-json\/wp\/v2\/media?parent=49"}],"curies":[{"name":"wp","href":"https:\/\/api.w.org\/{rel}","templated":true}]}}