{"id":74,"date":"2023-07-04T21:51:56","date_gmt":"2023-07-04T21:51:56","guid":{"rendered":"https:\/\/parliament.restorationplan.global\/?page_id=74"},"modified":"2024-04-15T00:37:46","modified_gmt":"2024-04-14T22:37:46","slug":"es","status":"publish","type":"page","link":"https:\/\/parliament.restorationplan.global\/en\/es\/","title":{"rendered":"PARLAMENTO INTERNACIONAL DE LOS PUEBLOS ORIGINARIOS"},"content":{"rendered":"<h3 class=\"wp-block-heading has-text-align-center\" id=\"el-establecimiento-de-la\">El establecimiento de la <\/h3>\n\n\n\n<h2 class=\"wp-block-heading has-text-align-center\" id=\"parlamento-internacional-de-los-pueblos-originarios\">PARLAMENTO INTERNACIONAL DE LOS PUEBLOS ORIGINARIOS<\/h2>\n\n\n\n<p>Tiene sus ra\u00edces en las estructuras tradicionales de consejo inherentes a los pueblos y comunidades ind\u00edgenas. Est\u00e1 dise\u00f1ado para defender sus derechos sobre los territorios, las culturas y el desarrollo hol\u00edstico, de acuerdo con su identidad, costumbres y tradiciones.<\/p>\n\n\n\n<p>Aspiramos a lograr la unidad global de los pueblos ind\u00edgenas, capacit\u00e1ndolos para ejercer sus derechos culturales y territoriales. Juntos, en solidaridad, nos esforzamos por crear colectivamente un nuevo mundo armonioso.<\/p>\n\n\n\n<hr class=\"wp-block-separator has-alpha-channel-opacity\"\/>\n\n\n\n<p><\/p>\n\n\n\n<p class=\"has-text-align-center has-vivid-purple-color has-text-color\"><strong>NUESTROS NUEVE PRINCIPIOS<\/strong><\/p>\n\n\n\n<ol class=\"wp-block-list\">\n<li>Vivir por m\u00ed mismo, sin hacer da\u00f1o a nadie.<\/li>\n\n\n\n<li>Ser honesto con nosotros mismos, con los dem\u00e1s y con la naturaleza<\/li>\n\n\n\n<li>Hacer valer y respetar tu palabra<\/li>\n\n\n\n<li>Toma de la tierra lo que es necesario y nada m\u00e1s.<\/li>\n\n\n\n<li>Usa la unidad como elemento rector en la toma de decisiones colectivas<\/li>\n\n\n\n<li>Da gracias siempre por lo que el gran creador de todas las cosas te da.<\/li>\n\n\n\n<li>Respeta la naturaleza, obra gloriosa del creador.<\/li>\n\n\n\n<li>No dividir\u00e1s, pues todo est\u00e1 unido y nada est\u00e1 por fuera<\/li>\n\n\n\n<li>Haz el bien para que siempre brille la luz en tu coraz\u00f3n. rgba(191, 80, 15, 0.92)<\/li>\n<\/ol>\n\n\n\n<p><\/p>\n\n\n\n<p><\/p>\n\n\n\n<hr class=\"wp-block-separator has-alpha-channel-opacity\"\/>\n\n\n\n<p>Nosotros, como fundadores del Parlamento Internacional de los Pueblos Ind\u00edgenas, le invitamos cordialmente a unirse a nosotros y compartir sus leyes y tradiciones orales. Esperamos ansiosamente aprender de sus valiosas contribuciones.<\/p>\n\n\n\n<p>Requisito 1. Ser representante de una naci\u00f3n y\/o comunidad de pueblos originarios<\/p>\n\n\n\n<p>Requisito 2: Presentar una carta autorizada y debidamente firmada por la naci\u00f3n y\/o comunidad que representa<\/p>\n\n\n\n<p><\/p>\n\n\n\n<div class=\"wp-block-buttons is-content-justification-space-between is-layout-flex wp-container-core-buttons-is-layout-b2891da8 wp-block-buttons-is-layout-flex\">\n<div class=\"wp-block-button has-custom-width wp-block-button__width-100 has-custom-font-size is-style-fill has-medium-font-size\"><a class=\"wp-block-button__link has-palette-color-6-color has-text-color has-background wp-element-button\" href=\"\/en\/formulario\/\" style=\"border-radius:10px;background-color:#bf500feb\" target=\"_blank\" rel=\"noreferrer noopener\">\u00daNETE A NOSOTROS<\/a><\/div>\n<\/div>\n\n\n\n<p><\/p>\n\n\n\n<p>Para m\u00e1s informaci\u00f3n, escriba a: parliament@restorationplan.global<br><br><br><\/p>\n\n\n\n<p>Fecha de establecimiento: 4 de julio de 2023<\/p>","protected":false},"excerpt":{"rendered":"<p>El establecimiento de la PARLAMENTO INTERNACIONAL DE LOS PUEBLOS ORIGINARIOS Tiene sus ra\u00edces en las estructuras tradicionales de consejo inherentes a los pueblos y comunidades ind\u00edgenas. Est\u00e1 dise\u00f1ado para defender sus derechos sobre los territorios, las culturas y el desarrollo hol\u00edstico, de acuerdo con su identidad, costumbres y tradiciones. Aspiramos a lograr la unidad global [&hellip;]<\/p>","protected":false},"author":1,"featured_media":0,"parent":0,"menu_order":0,"comment_status":"closed","ping_status":"closed","template":"","meta":{"_gspb_post_css":"","footnotes":""},"class_list":["post-74","page","type-page","status-publish","hentry"],"blocksy_meta":[],"_links":{"self":[{"href":"https:\/\/parliament.restorationplan.global\/en\/wp-json\/wp\/v2\/pages\/74","targetHints":{"allow":["GET"]}}],"collection":[{"href":"https:\/\/parliament.restorationplan.global\/en\/wp-json\/wp\/v2\/pages"}],"about":[{"href":"https:\/\/parliament.restorationplan.global\/en\/wp-json\/wp\/v2\/types\/page"}],"author":[{"embeddable":true,"href":"https:\/\/parliament.restorationplan.global\/en\/wp-json\/wp\/v2\/users\/1"}],"replies":[{"embeddable":true,"href":"https:\/\/parliament.restorationplan.global\/en\/wp-json\/wp\/v2\/comments?post=74"}],"version-history":[{"count":9,"href":"https:\/\/parliament.restorationplan.global\/en\/wp-json\/wp\/v2\/pages\/74\/revisions"}],"predecessor-version":[{"id":177,"href":"https:\/\/parliament.restorationplan.global\/en\/wp-json\/wp\/v2\/pages\/74\/revisions\/177"}],"wp:attachment":[{"href":"https:\/\/parliament.restorationplan.global\/en\/wp-json\/wp\/v2\/media?parent=74"}],"curies":[{"name":"wp","href":"https:\/\/api.w.org\/{rel}","templated":true}]}}